{"id":223785,"date":"2019-03-04T16:17:16","date_gmt":"2019-03-04T15:17:16","guid":{"rendered":"https:\/\/www.muse-avocats.com\/password-reset\/"},"modified":"2019-03-04T17:54:35","modified_gmt":"2019-03-04T16:54:35","slug":"password-reset","status":"publish","type":"page","link":"https:\/\/www.muse-avocats.com\/en\/password-reset\/","title":{"rendered":"Reset password"},"content":{"rendered":"<p>[et_pb_section bb_built=\"1\u2033 next_background_color=\"#3c3d41\u2033][et_pb_row][et_pb_column type=\"4_4\u2033][et_pb_text]<\/p>\n<p>\n[ultimatemember_password]<\/p>\n<p>[\/et_pb_text][\/et_pb_column][\/et_pb_row][\/et_pb_section][et_pb_section bb_built=\"1\u2033 _builder_version=\"3.0.74\u2033 background_color=\"#3c3d41\u2033 custom_padding=\"1px||0px||false|false \" custom_padding_tablet=\"0px|||0px| \" transparent_background=\"off \" saved_tabs=\"all \" prev_background_color= \"#ffffff\" next_background_color=\"#1c1c1c\" global_module=\"3900\u2033][et_pb_row global_parent=\"3900\u2033 custom_padding=\"60px|0px|75px|0px|false|false \" _builder_version=\"3.18.7\u2033][et_pb_column type=\"1_2\u2033][et_pb_text global_parent=\"3900\u2033 _builder_version=\"3.18.7\u2033 text_font=\"|||||||| \" text_text_color=\"rgba(255,255,255,0.82) \" header_2_font=\"Raleway|800||||||| \" header_2_text_color=\"#ffffff \" header_2_letter_spacing=\"1px \" max_width=\"63% \" module_alignment=\"left\"]<\/p>\n<h2 style=\"text-align: justify;\">#MUSE Lawyers<\/h2>\n<p style=\"text-align: justify;\">Your Lyon law firm. We welcome you to one of our three offices in the Pr\u00e9fecture district of Lyon. We can also handle all your requests online, wherever you are. Welcome to the age of digital law!<\/p>\n<p>[et_pb_text][\/et_pb_column][et_pb_column type=\"1_4\u2033][et_pb_text global_parent=\"3900\u2033 _builder_version=\"3.19.4\u2033 text_font=\"|||||||| \" text_text_color=\"rgba(255,255,255,0.8) \" link_font=\"|||||||| \" header_4_font=\"Raleway|600||on||||| \" header_4_text_color=\"#ffffff\" header_4_font_size=\"15px \" header_4_letter_spacing=\"1px \"]<\/p>\n<h4>Quick Navigation<\/h4>\n<p><span style=\"color: rgba(255, 255, 255, 0.82);\"><a href=\"https:\/\/www.muse-avocats.com\/en\/\" style=\"color: rgba(255, 255, 255, 0.82);\">Home<\/a><\/span><\/p>\n<p><span style=\"color: rgba(255, 255, 255, 0.8);\"><a href=\"https:\/\/www.muse-avocats.com\/en\/materials\/\" style=\"color: rgba(255, 255, 255, 0.8);\">Expertise<\/a><\/span><\/p>\n<p><span style=\"color: rgba(255, 255, 255, 0.8);\"><a href=\"https:\/\/www.muse-avocats.com\/en\/our-customer-offer\/\" style=\"color: rgba(255, 255, 255, 0.8);\">Services and fees<\/a><\/span><\/p>\n<p><a href=\"https:\/\/www.muse-avocats.com\/blog\/\"><span style=\"color: rgba(255, 255, 255, 0.8);\">Our Blog<\/span><\/a><\/p>\n<p><span style=\"color: rgba(255, 255, 255, 0.81);\"><a href=\"https:\/\/www.muse-avocats.com\/en\/contact\/\" style=\"color: rgba(255, 255, 255, 0.81);\">Contact Us<\/a><\/span><\/p>\n<p>[et_pb_text][\/et_pb_column][et_pb_column type=\"1_4\u2033][et_pb_text global_parent=\"3900\u2033 _builder_version=\"3.18.7\u2033 text_font=\"|||||||| \" text_text_color=\"rgba(255,255,255,0.8) \" header_4_font=\"Raleway|600||on||||| \" header_4_text_color=\"#ffffff \" header_4_font_size=\"15px \" header_4_letter_spacing=\"1px \"]<\/p>\n<h4>Follow us<\/h4>\n<p>[\/et_pb_text][et_pb_social_media_follow global_parent=\"3900\u2033 _builder_version=\"3.18.7\u2033 custom_margin=\"-15px|| \"][et_pb_social_media_follow_network social_network=\"facebook\" _builder_version=\"3.18.7\u2033 background_color=\"#3b5998\u2033 follow_button=\"off \" url_new_window=\"on\"]facebook[\/et_pb_social_media_follow_network][et_pb_social_media_follow_network social_network=\"twitter \" _builder_version=\"3.18.7\u2033 background_color=\"#00aced \" follow_button=\"off \" url_new_window=\"on\"]twitter[\/et_pb_social_media_follow_network][et_pb_social_media_follow_network social_network=\"linkedin \" _builder_version=\"3.18.7\u2033 background_color=\"#007bb6\u2033 follow_button=\"off \" url_new_window=\"on \"]linkedin[\/et_pb_social_media_follow_network][\/et_pb_social_media_follow][\/et_pb_column][\/et_pb_row][\/et_pb_section][et_pb_section bb_built=\"1\u2033 _builder_version=\"3.17.6\u2033 background_color=\"#1c1c1c \" custom_margin=\"-10px|| \" custom_padding=\"0|0px|0|0px|false|false \" prev_background_color=\"#3c3d41\u2033 global_module=\"474\u2033][et_pb_row global_parent=\"474\u2033 _builder_version=\"3.17.2\u2033][et_pb_column type=\"4_4\u2033][et_pb_text global_parent=\"474\u2033 _builder_version=\"3.17.2\u2033 text_font=\"|||||||| \" text_text_color=\"#ffffff\" link_font=\"|700||||||| \" link_text_color=\"#ffffff\"]<\/p>\n<p style=\"text-align: center;\">\u00a9 2019 <strong>GIE #MUSE Lawyers<\/strong><a href=\"https:\/\/www.caritech.fr\"> &#8211;\u00a0<\/a>All rights reserved\u00a0<a href=\"http:\/\/www.netygo.fr\/\" target=\"_blank\" rel=\"noopener noreferrer\">Website designed by NETYGO<\/a><\/p>\n<p>[\/et_pb_text][et_pb_text global_parent=\"474\u2033 _builder_version=\"3.19.4\u2033]<\/p>\n<p>Find your specialist lawyer in Lyon: commercial law (leases, commercial court, etc.), real estate, criminal law, insurance law, construction law, for your company, real estate auctions, insurance litigation, investment banking and business law, digital law, etc.<\/p>\n<p>[\/et_pb_text][\/et_pb_column][\/et_pb_row][\/et_pb_section]<\/p>","protected":false},"excerpt":{"rendered":"<p><div class=\"et_pb_row et_pb_row_0 et_pb_row_empty\">\n\t\t\t\t\n\t\t\t\t\n\t\t\t\t\n\t\t\t\t\n\t\t\t\t\n\t\t\t<\/div><div class=\"et_pb_module et_pb_text et_pb_text_0  et_pb_text_align_left et_pb_bg_layout_light\">\n\t\t\t\t\n\t\t\t\t\n\t\t\t\t\n\t\t\t\t\n\t\t\t\t\n\t\t\t<\/div> [ultimatemember_password] #MUSE Avocats Your law firm in Lyon. We welcome you to one of our three offices in Lyon, in the Pr\u00e9fecture district. We can also handle all your requests online, wherever you are. Welcome to the age of digital law! Quick Navigation Home The Subjects Offers and Fees The Blog [...]<\/p>","protected":false},"author":1,"featured_media":0,"parent":0,"menu_order":0,"comment_status":"closed","ping_status":"closed","template":"","meta":{"_et_pb_use_builder":"on","_et_pb_old_content":"<p>[ultimatemember_password]<\/p>","_et_gb_content_width":"","footnotes":""},"class_list":["post-223785","page","type-page","status-publish","hentry"],"acf":[],"yoast_head":"<!-- This site is optimized with the Yoast SEO Premium plugin v22.1 (Yoast SEO v24.9) - https:\/\/yoast.com\/wordpress\/plugins\/seo\/ -->\n<title>R\u00e9initialisation du mot de passe - MUSE AVOCATS - Collectif d&#039;Avocats \u00e0 Lyon<\/title>\n<meta name=\"robots\" content=\"index, follow, max-snippet:-1, max-image-preview:large, max-video-preview:-1\" \/>\n<link rel=\"canonical\" href=\"https:\/\/www.muse-avocats.com\/en\/password-reset\/\" \/>\n<meta property=\"og:locale\" content=\"en_GB\" \/>\n<meta property=\"og:type\" content=\"article\" \/>\n<meta property=\"og:title\" content=\"R\u00e9initialisation du mot de passe\" \/>\n<meta property=\"og:description\" content=\"[ultimatemember_password] #MUSE Avocats Votre collectif d&#039;Avocats lyonnais. Nous vous accueillons dans l&#039;un nos trois bureaux bas\u00e9s \u00e0 Lyon, dans le quartier de la Pr\u00e9fecture. Nous pouvons \u00e9galement traiter toutes vos demandes en ligne, o\u00f9 que vous soyez. Bienvenue dans l&#039;\u00e8re du Droit num\u00e9rique ! Navigation Rapide Accueil Les Mati\u00e8res Offres et Tarifs Le Blog [&hellip;]\" \/>\n<meta property=\"og:url\" content=\"https:\/\/www.muse-avocats.com\/en\/password-reset\/\" \/>\n<meta property=\"og:site_name\" content=\"MUSE AVOCATS - Collectif d&#039;Avocats \u00e0 Lyon\" \/>\n<meta property=\"article:publisher\" content=\"https:\/\/www.facebook.com\/MUSEAVOCATS\/?locale=fr_FR\" \/>\n<meta property=\"article:modified_time\" content=\"2019-03-04T16:54:35+00:00\" \/>\n<script type=\"application\/ld+json\" class=\"yoast-schema-graph\">{\"@context\":\"https:\/\/schema.org\",\"@graph\":[{\"@type\":\"WebPage\",\"@id\":\"https:\/\/www.muse-avocats.com\/password-reset\/\",\"url\":\"https:\/\/www.muse-avocats.com\/password-reset\/\",\"name\":\"R\u00e9initialisation du mot de passe - MUSE AVOCATS - Collectif d&#039;Avocats \u00e0 Lyon\",\"isPartOf\":{\"@id\":\"https:\/\/www.muse-avocats.com\/#website\"},\"datePublished\":\"2019-03-04T15:17:16+00:00\",\"dateModified\":\"2019-03-04T16:54:35+00:00\",\"breadcrumb\":{\"@id\":\"https:\/\/www.muse-avocats.com\/password-reset\/#breadcrumb\"},\"inLanguage\":\"en-GB\",\"potentialAction\":[{\"@type\":\"ReadAction\",\"target\":[\"https:\/\/www.muse-avocats.com\/password-reset\/\"]}]},{\"@type\":\"BreadcrumbList\",\"@id\":\"https:\/\/www.muse-avocats.com\/password-reset\/#breadcrumb\",\"itemListElement\":[{\"@type\":\"ListItem\",\"position\":1,\"name\":\"Accueil\",\"item\":\"https:\/\/www.muse-avocats.com\/\"},{\"@type\":\"ListItem\",\"position\":2,\"name\":\"R\u00e9initialisation du mot de passe\"}]},{\"@type\":\"WebSite\",\"@id\":\"https:\/\/www.muse-avocats.com\/#website\",\"url\":\"https:\/\/www.muse-avocats.com\/\",\"name\":\"MUSE AVOCAT - Collectif d'Avocats Lyonnais\",\"description\":\"#MUSE Avocats\",\"publisher\":{\"@id\":\"https:\/\/www.muse-avocats.com\/#organization\"},\"alternateName\":\"MUSE AVOCAT\",\"potentialAction\":[{\"@type\":\"SearchAction\",\"target\":{\"@type\":\"EntryPoint\",\"urlTemplate\":\"https:\/\/www.muse-avocats.com\/?s={search_term_string}\"},\"query-input\":{\"@type\":\"PropertyValueSpecification\",\"valueRequired\":true,\"valueName\":\"search_term_string\"}}],\"inLanguage\":\"en-GB\"},{\"@type\":\"Organization\",\"@id\":\"https:\/\/www.muse-avocats.com\/#organization\",\"name\":\"MUSE AVOCATS\",\"url\":\"https:\/\/www.muse-avocats.com\/\",\"logo\":{\"@type\":\"ImageObject\",\"inLanguage\":\"en-GB\",\"@id\":\"https:\/\/www.muse-avocats.com\/#\/schema\/logo\/image\/\",\"url\":\"https:\/\/www.muse-avocats.com\/wp-content\/uploads\/2019\/12\/cropped-C614C331-9923-49B0-A314-3D9384BCFB6F_1_201_a-e1608471375782.jpeg\",\"contentUrl\":\"https:\/\/www.muse-avocats.com\/wp-content\/uploads\/2019\/12\/cropped-C614C331-9923-49B0-A314-3D9384BCFB6F_1_201_a-e1608471375782.jpeg\",\"width\":512,\"height\":512,\"caption\":\"MUSE AVOCATS\"},\"image\":{\"@id\":\"https:\/\/www.muse-avocats.com\/#\/schema\/logo\/image\/\"},\"sameAs\":[\"https:\/\/www.facebook.com\/MUSEAVOCATS\/?locale=fr_FR\",\"https:\/\/fr.linkedin.com\/company\/muse-avocats\",\"https:\/\/www.alexia.fr\/avocat-723573\/amaury-plumerault.htm\"]}]}<\/script>\n<!-- \/ Yoast SEO Premium plugin. -->","yoast_head_json":{"title":"R\u00e9initialisation du mot de passe - MUSE AVOCATS - Collectif d&#039;Avocats \u00e0 Lyon","robots":{"index":"index","follow":"follow","max-snippet":"max-snippet:-1","max-image-preview":"max-image-preview:large","max-video-preview":"max-video-preview:-1"},"canonical":"https:\/\/www.muse-avocats.com\/en\/password-reset\/","og_locale":"en_GB","og_type":"article","og_title":"R\u00e9initialisation du mot de passe","og_description":"[ultimatemember_password] #MUSE Avocats Votre collectif d'Avocats lyonnais. Nous vous accueillons dans l'un nos trois bureaux bas\u00e9s \u00e0 Lyon, dans le quartier de la Pr\u00e9fecture. Nous pouvons \u00e9galement traiter toutes vos demandes en ligne, o\u00f9 que vous soyez. Bienvenue dans l'\u00e8re du Droit num\u00e9rique ! Navigation Rapide Accueil Les Mati\u00e8res Offres et Tarifs Le Blog [&hellip;]","og_url":"https:\/\/www.muse-avocats.com\/en\/password-reset\/","og_site_name":"MUSE AVOCATS - Collectif d&#039;Avocats \u00e0 Lyon","article_publisher":"https:\/\/www.facebook.com\/MUSEAVOCATS\/?locale=fr_FR","article_modified_time":"2019-03-04T16:54:35+00:00","schema":{"@context":"https:\/\/schema.org","@graph":[{"@type":"WebPage","@id":"https:\/\/www.muse-avocats.com\/password-reset\/","url":"https:\/\/www.muse-avocats.com\/password-reset\/","name":"R\u00e9initialisation du mot de passe - MUSE AVOCATS - Collectif d&#039;Avocats \u00e0 Lyon","isPartOf":{"@id":"https:\/\/www.muse-avocats.com\/#website"},"datePublished":"2019-03-04T15:17:16+00:00","dateModified":"2019-03-04T16:54:35+00:00","breadcrumb":{"@id":"https:\/\/www.muse-avocats.com\/password-reset\/#breadcrumb"},"inLanguage":"en-GB","potentialAction":[{"@type":"ReadAction","target":["https:\/\/www.muse-avocats.com\/password-reset\/"]}]},{"@type":"BreadcrumbList","@id":"https:\/\/www.muse-avocats.com\/password-reset\/#breadcrumb","itemListElement":[{"@type":"ListItem","position":1,"name":"Accueil","item":"https:\/\/www.muse-avocats.com\/"},{"@type":"ListItem","position":2,"name":"R\u00e9initialisation du mot de passe"}]},{"@type":"WebSite","@id":"https:\/\/www.muse-avocats.com\/#website","url":"https:\/\/www.muse-avocats.com\/","name":"MUSE AVOCAT - Collectif d'Avocats Lyonnais","description":"#MUSE Avocats","publisher":{"@id":"https:\/\/www.muse-avocats.com\/#organization"},"alternateName":"MUSE AVOCAT","potentialAction":[{"@type":"SearchAction","target":{"@type":"EntryPoint","urlTemplate":"https:\/\/www.muse-avocats.com\/?s={search_term_string}"},"query-input":{"@type":"PropertyValueSpecification","valueRequired":true,"valueName":"search_term_string"}}],"inLanguage":"en-GB"},{"@type":"Organization","@id":"https:\/\/www.muse-avocats.com\/#organization","name":"MUSE AVOCATS","url":"https:\/\/www.muse-avocats.com\/","logo":{"@type":"ImageObject","inLanguage":"en-GB","@id":"https:\/\/www.muse-avocats.com\/#\/schema\/logo\/image\/","url":"https:\/\/www.muse-avocats.com\/wp-content\/uploads\/2019\/12\/cropped-C614C331-9923-49B0-A314-3D9384BCFB6F_1_201_a-e1608471375782.jpeg","contentUrl":"https:\/\/www.muse-avocats.com\/wp-content\/uploads\/2019\/12\/cropped-C614C331-9923-49B0-A314-3D9384BCFB6F_1_201_a-e1608471375782.jpeg","width":512,"height":512,"caption":"MUSE AVOCATS"},"image":{"@id":"https:\/\/www.muse-avocats.com\/#\/schema\/logo\/image\/"},"sameAs":["https:\/\/www.facebook.com\/MUSEAVOCATS\/?locale=fr_FR","https:\/\/fr.linkedin.com\/company\/muse-avocats","https:\/\/www.alexia.fr\/avocat-723573\/amaury-plumerault.htm"]}]}},"_links":{"self":[{"href":"https:\/\/www.muse-avocats.com\/en\/wp-json\/wp\/v2\/pages\/223785","targetHints":{"allow":["GET"]}}],"collection":[{"href":"https:\/\/www.muse-avocats.com\/en\/wp-json\/wp\/v2\/pages"}],"about":[{"href":"https:\/\/www.muse-avocats.com\/en\/wp-json\/wp\/v2\/types\/page"}],"author":[{"embeddable":true,"href":"https:\/\/www.muse-avocats.com\/en\/wp-json\/wp\/v2\/users\/1"}],"replies":[{"embeddable":true,"href":"https:\/\/www.muse-avocats.com\/en\/wp-json\/wp\/v2\/comments?post=223785"}],"version-history":[{"count":0,"href":"https:\/\/www.muse-avocats.com\/en\/wp-json\/wp\/v2\/pages\/223785\/revisions"}],"wp:attachment":[{"href":"https:\/\/www.muse-avocats.com\/en\/wp-json\/wp\/v2\/media?parent=223785"}],"curies":[{"name":"wp","href":"https:\/\/api.w.org\/{rel}","templated":true}]}}