{"id":224483,"date":"2022-07-26T13:52:11","date_gmt":"2022-07-26T11:52:11","guid":{"rendered":"https:\/\/www.muse-avocats.com\/?page_id=224483"},"modified":"2025-06-19T22:42:45","modified_gmt":"2025-06-19T20:42:45","slug":"prendre-rendez-vous","status":"publish","type":"page","link":"https:\/\/www.muse-avocats.com\/en\/make-an-appointment\/","title":{"rendered":"Schedule an appointment"},"content":{"rendered":"<p>[et_pb_section fb_built=\"1\u2033 _builder_version=\"4.16\u2033 _module_preset=\"default \" background_image=\"https:\/\/www.muse-avocats.com\/wp-content\/uploads\/2018\/12\/background1.png \" custom_padding=\"40px||490px||| \" global_colors_info=\"{} \"][et_pb_row _builder_version=\"4.16\u2033 _module_preset=\"default \" global_colors_info=\"{} \" custom_padding=\"||0px|||\"][et_pb_column type=\"4_4\u2033 _builder_version=\"4.16\u2033 _module_preset=\"default \" global_colors_info=\"{} \"][et_pb_cta title= \"Make an appointment with one of our Lawyers \" button_url=\"# \" admin_label=\"Where do you want to go today?\" _builder_version=\"4.21.0\u2033 header_level=\"h1\u2033 header_font=\"Raleway|800||||||| \" header_text_align=\"center \" header_font_size=\"36px \" header_letter_spacing=\"0.6px \" header_line_height=\"120% \" body_font=\"Lato|300||||||| \" body_text_color=\"#777777\u2033 body_font_size=\"22px \" body_line_height=\"140% \" use_background_color= \"off \" custom_button=\"on \" button_text_size=\"16px \" button_text_color=\"#ffffff \" button_bg_color=\"#b38d51\u2033 button_border_width=\"1px \" button_border_color=\"rgba(255,15,83,0.15) \" button_border_radius=\"87px \" button_font=\"Poppins|500||||||| \" button_icon=\"C||divi||400\u2033 button_on_hover=\"off \" button_alignment=\"left \" text_orientation=\"left \" background_layout=\"light \" max_width=\"46% \" max_width_tablet=\"100% \" max_width_phone= \" \" max_width_last_edited=\"on|tablet \" module_alignment=\"center \" custom_margin=\"|-257px|||false|false \" custom_padding=\"||0px||false|false \" hover_enabled=\"0\u2033 header_font_size_tablet=\"30px \" header_font_size_phone=\"26\u2033 header_font_size_last_edited=\"on|phone \" header_line_height_tablet= \" \" header_line_height_phone= \" \" header_line_height_last_edited=\"on|desktop \" body_font_size_tablet= \" \" body_font_size_phone= \" \" body_font_size_last_edited=\"on|phone \" custom_css_promo_button=\"padding: 11px 2.2vw !important;||margin-top: 37px !important; \" custom_css_promo_title= \" font-weight: 400;|| padding-bottom: 18px; \" box_shadow_style_button=\"preset1\u2033 button_text_color_hover=\"#ffffff \" button_border_color_hover=\"#bc1544\u2033 button_border_radius_hover=\"10px \" button_bg_color_hover= \"#bc1544\u2033 locked=\"off \" global_colors_info=\"{}\" button_text_size__hover_enabled=\"off \" button_one_text_size__hover_enabled=\"off \" button_two_text_size__hover_enabled= \"off \" button_text_color__hover_enabled=\"on \" button_text_color__hover=\"#ffffff \" button_one_text_color__hover_enabled=\"off \" button_two_text_color__hover_enabled=\"off \" button_border_width__hover_enabled=\"off \" button_one_border_width__hover_enabled=\"off \" button_two_border_width__hover_enabled=\"off \" button_border_color__hover_enabled=\"on \" button_border_color__hover=\"#bc1544\u2033 button_one_border_color__hover_enabled=\"off \" button_two_border_color__hover_enabled=\"off \" button_border_radius__hover_enabled=\"on \" button_border_radius__hover=\"10px \" button_one_border_radius__hover_enabled=\"off \" button_two_border_radius__hover_enabled=\"off \" button_letter_spacing__hover_enabled=\"off \" button_one_letter_spacing__hover_enabled=\"off \" button_two_letter_spacing__hover_enabled=\"off \" button_bg_color__hover_enabled=\"on \" button_bg_color__hover=\"#bc1544\u2033 button_one_bg_color__hover_enabled=\"off \" button_two_bg_color__hover_enabled=\"off\" sticky_enabled=\"0\u2033][\/et_pb_cta][\/et_pb_column][\/et_pb_row][et_pb_row _builder_version=\"4.21.0\u2033 _module_preset=\"default \" global_colors_info=\"{} \" custom_padding=\"5px||||| \"][et_pb_column type=\"4_4\u2033 _builder_version=\"4.21.0\u2033 _module_preset=\"default \" global_colors_info=\"{} \"][divi_step_booking _builder_version=\"4.21.0\u2033 _module_preset=\"default \" global_colors_info=\"{} \"][\/divi_step_booking][\/et_pb_column][\/et_pb_row][\/et_pb_section][et_pb_section fb_built=\"1\u2033 _builder_version=\"4.21.0\u2033 _module_preset=\"default \" custom_padding=\"4px||3px||| \" global_colors_info=\"{} \"][et_pb_row _builder_version=\"4.21.0\u2033 _module_preset=\"default \" custom_padding=\"2px||3px||| \" global_colors_info=\"{} \"][et_pb_column type=\"4_4\u2033 _builder_version=\"4.21.0\u2033 _module_preset=\"default \" global_colors_info=\"{} \"][et_pb_text _builder_version=\"4.21.0\u2033 _module_preset=\"default \" global_colors_info=\"{} \"]<\/p>\n<div data-pm-slice=\"2 2 []\">\n<p style=\"text-align: center;\"><span style=\"color: #f2f2f2;\">Find a lawyer at the Lyon Bar. Our firm offers recognised expertise in a wide range of legal fields, including commercial law, family and property law, criminal law, real estate law, banking law and tax law.<\/span><\/p>\n<p style=\"text-align: center;\"><span style=\"color: #f2f2f2;\">Your case will be managed by experienced lawyers, guaranteeing rigorous monitoring of your case. The Ordre des Avocats plays a crucial role in the Rh\u00f4ne-Alpes region, ensuring the regulation and quality of legal services.<\/span><\/p>\n<p style=\"text-align: center;\"><span style=\"color: #f2f2f2;\">We also offer specific services for minors, ensuring their rights and protection. Our services also include civil liability, covering both the contractual and tort aspects of your legal needs.<\/span><\/p>\n<\/div>\n<p>[\/et_pb_text][\/et_pb_column][\/et_pb_row][\/et_pb_section][et_pb_section fb_built=\"1\u2033 admin_label=\"Section \" _builder_version=\"3.22\u2033 background_color=\"#3c3d41\u2033 custom_padding=\"1px||0px||false|false \" custom_padding_tablet=\"0px|||0px|\" transparent_background=\"off \" global_module=\"3900\u2033 saved_tabs=\"all \" global_colors_info=\"{}\"][et_pb_row column_structure=\"1_2,1_4,1_4\u2033 _builder_version=\"4.16\u2033 custom_padding=\"60px|0px|75px|0px|false|false \" global_colors_info=\"{} \"][et_pb_column type=\"1_2\u2033 _builder_version=\"4.16\u2033 custom_padding=\"||| \" global_colors_info=\"{} \" custom_padding__hover=\"||| \"][et_pb_text admin_label=\"Text\" _builder_version=\"4.19.2\u2033 text_font=\"|||||||| \" text_text_color=\"rgba(255,255,255,0.82) \" text_font_size=\"12px \" header_2_font=\"Raleway|800||||||| \" header_2_text_color=\"#ffffff \" header_2_letter_spacing=\"1px \" max_width=\"63% \" max_width_tablet= \" \" max_width_phone=\"100% \" max_width_last_edited=\"on|phone \" module_alignment=\"center \" global_colors_info=\"{}\"]<\/p>\n<p style=\"font-size: 34px; text-align: justify; font-family: 'Raleway',Helvetica,Arial,Lucida,sans-serif; font-weight: 800 !important; color: #ffffff !important; letter-spacing: 1px !important;\"><span style=\"color: #b38d51;\">#<\/span>MUSE AVOCATS<\/p>\n<p style=\"text-align: justify;\">Your law firm in Lyon. We welcome you to one of our offices in Lyon. We can also handle all your requests online, wherever you are. Welcome to the age of digital law!<\/p>\n<p>[et_pb_text][\/et_pb_column][et_pb_column type=\"1_4\u2033 _builder_version=\"4.16\u2033 custom_padding=\"||| \" global_colors_info=\"{} \" custom_padding__hover=\"||| \"][et_pb_text _builder_version=\"4.19.2\u2033 text_font=\"|||||||| \" text_text_color=\"rgba(255,255,255,0.8) \" link_font=\"|||||||| \" header_4_font=\"Raleway|600||on||||| \" header_4_text_color=\"#ffffff \" header_4_font_size=\"15px \" header_4_letter_spacing=\"1px \" width=\"100% \" custom_padding=\"|0px|||| \" global_colors_info=\"{}\"]<\/p>\n<h4>Quick Navigation<\/h4>\n<p><span style=\"color: rgba(255, 255, 255, 0.82);\"><a href=\"https:\/\/www.muse-avocats.com\/en\/\" style=\"color: rgba(255, 255, 255, 0.82);\">Home<\/a><\/span><\/p>\n<p><span style=\"color: rgba(255, 255, 255, 0.8);\"><a href=\"https:\/\/www.muse-avocats.com\/en\/materials\/\" style=\"color: rgba(255, 255, 255, 0.8);\">Expertise<\/a><\/span><\/p>\n<p><span style=\"color: rgba(255, 255, 255, 0.8);\"><a href=\"https:\/\/www.muse-avocats.com\/en\/our-customer-offer\/\" style=\"color: rgba(255, 255, 255, 0.8);\">Services and fees<\/a><\/span><\/p>\n<p><a href=\"https:\/\/www.muse-avocats.com\/blog\/\"><span style=\"color: rgba(255, 255, 255, 0.8);\">Our Blog<\/span><\/a><\/p>\n<p><span style=\"color: rgba(255, 255, 255, 0.81);\"><a href=\"https:\/\/www.muse-avocats.com\/en\/contact\/\" style=\"color: rgba(255, 255, 255, 0.81);\">Contact Us<\/a><\/span><\/p>\n<p><span style=\"color: rgba(255, 255, 255, 0.81);\"><a rel=\"nofollow\" href=\"https:\/\/www.muse-avocats.com\/en\/contact\/\" style=\"color: rgba(255, 255, 255, 0.81);\">Credits<span style=\"caret-color: rgba(255, 255, 255, 0.81);\">\u00a0&amp;\u00a0<\/span><span style=\"font-size: 14px;\">Personal data processing<\/span><\/a><\/span><\/p>\n<p><span style=\"color: rgba(255, 255, 255, 0.81);\"><\/span>[et_pb_text][\/et_pb_column][et_pb_column type=\"1_4\u2033 _builder_version=\"4.16\u2033 custom_padding=\"||| \" global_colors_info=\"{} \" custom_padding__hover=\"||| \"][et_pb_text _builder_version=\"4.16\u2033 text_font=\"|||||||| \" text_text_color=\"rgba(255,255,255,0.8) \" header_4_font=\"Raleway|600||on||||| \" header_4_text_color=\"#ffffff \" header_4_font_size=\"15px \" header_4_letter_spacing=\"1px \" global_colors_info=\"{} \"]<\/p>\n<h4>Follow us<\/h4>\n<p>[\/et_pb_text][et_pb_social_media_follow _builder_version=\"4.19.2\u2033 custom_margin=\"-15px|| \" global_colors_info=\"{} \"][et_pb_social_media_follow_network social_network=\"facebook \" url=\"https:\/\/fr-fr.facebook.com\/MUSEAVOCATS\/ \" _builder_version=\"4.19.2\u2033 background_color=\"#3b5998\u2033 global_colors_info=\"{} \" follow_button=\"off \" url_new_window=\"on \"]facebook[\/et_pb_social_media_follow_network][et_pb_social_media_follow_network social_network=\"linkedin \" url=\"https:\/\/www.linkedin.com\/company\/muse-avocats\/ \" _builder_version=\"4.19.2\u2033 background_color=\"#007bb6\u2033 global_colors_info=\"{} \" follow_button=\"off \" url_new_window=\"on \"]linkedin[\/et_pb_social_media_follow_network][\/et_pb_social_media_follow][\/et_pb_column][\/et_pb_row][\/et_pb_section][et_pb_section fb_built=\"1\u2033 _builder_version=\"3.17.6\u2033 background_color=\"#1c1c1c \" custom_margin=\"-10px|| \" custom_padding=\"0|0px|0|0px|false|false \" global_module=\"474\u2033 global_colors_info=\"{} \"][et_pb_row _builder_version=\"4.16\u2033 global_colors_info=\"{} \"][et_pb_column type=\"4_4\u2033 _builder_version=\"4.16\u2033 custom_padding=\"||| \" global_colors_info=\"{} \" custom_padding__hover=\"||| \"][et_pb_text _builder_version=\"4.21.0\u2033 text_font=\"|||||||| \" text_text_color=\"#ffffff \" link_font=\"|700||||||| \" link_text_color=\"#ffffff \" global_colors_info=\"{} \"]<\/p>\n<p style=\"text-align: center;\">\u00a9 2025 <strong>GIE #MUSE Lawyers<\/strong><a href=\"https:\/\/www.caritech.fr\"> &#8211;\u00a0<\/a>All rights reserved <a href=\"http:\/\/www.netygo.fr\/\" target=\"_blank\" rel=\"noopener noreferrer\">Website designed by NETYGO<\/a><\/p>\n<p>[et_pb_text][et_pb_text content_tablet= \" \" content_phone= \"<\/p>\n<p style=\"%22text-align:\" justify;%22>Find your lawyer in Lyon and the Auvergne - Rh\u00f4ne-Alpes region: commercial law (<strong>commercial lease<\/strong>court, commercial court, etc.), <strong>real estate<\/strong>We can advise you on a wide range of legal issues, including criminal law, insurance law and construction law. Assists you and advises you on your business. Carries <strong>property auctions<\/strong>handles both insurance and banking litigation. Intervenes to recover your <span><strong>unpaid rent<\/strong> on your <strong>business premises<\/strong>. Appears before the <strong>Court of First Instance<\/strong> or the <strong>Commercial Court<\/strong> for any <strong>represented<\/strong>.<\/span><\/p>\n<p>\u00a0\" content_last_edited=\"on|phone \" _builder_version=\"4.19.2\u2033 global_colors_info=\"{}\"]<\/p>\n<p style=\"text-align: justify;\">Find your lawyer in Lyon and the Auvergne - Rh\u00f4ne-Alpes region: commercial law (<strong>commercial lease<\/strong>court, commercial court, etc.), <strong>real estate<\/strong>We can advise you on a wide range of legal issues, including criminal law, insurance law and construction law. Assists you and advises you on your business. Carries <strong>property auctions<\/strong>handles both insurance and banking litigation. Intervenes to recover your\u00a0<span><strong>unpaid rent<\/strong> on your <strong>business premises<\/strong>. Appears before the <strong>Court of First Instance<\/strong> or the <strong>Commercial Court<\/strong> for any <strong>represented<\/strong>.<\/span><\/p>\n<p>[\/et_pb_text][\/et_pb_column][\/et_pb_row][\/et_pb_section]<\/p>","protected":false},"excerpt":{"rendered":"<p><div class=\"et_pb_module divi_step_booking divi_step_booking_0\">\n\t\t\t\t\n\t\t\t\t\n\t\t\t\t\n\t\t\t\t\n\t\t\t\t\n\t\t\t\t\n\t\t\t\t<div class=\"et_pb_module_inner\">\n\t\t\t\t\t\n<script>\n  if (typeof hasAmeliaEntitiesApiCall === 'undefined' && '' === '') {\n    var hasAmeliaEntitiesApiCall = true;\n  }\n  var ameliaShortcodeData = (typeof ameliaShortcodeData === 'undefined') ? [] : ameliaShortcodeData;\n  ameliaShortcodeData.push(\n    {\n      'hasApiCall': (typeof hasAmeliaEntitiesApiCall !== 'undefined') && hasAmeliaEntitiesApiCall,\n      'trigger': '',\n      'trigger_type': '',\n      'triggered_form': 'sbsNew',\n      'in_dialog': '',\n      'show': '',\n      'counter': '1000',\n      'category': '',\n      'service': '',\n      'employee': '',\n      'location': '',\n      'package': ''\n    }\n  );\n\n  var ameliaShortcodeDataTriggered = (typeof ameliaShortcodeDataTriggered === 'undefined') ? [] : ameliaShortcodeDataTriggered;\n  if (ameliaShortcodeData[ameliaShortcodeData.length - 1].trigger !== '') {\n    if (ameliaShortcodeDataTriggered.filter(a => a.counter === ameliaShortcodeData[ameliaShortcodeData.length - 1].counter).length === 0) {\n      ameliaShortcodeDataTriggered.push(ameliaShortcodeData.pop());\n    } else {\n      ameliaShortcodeData.pop()\n    }\n  }\n  if (typeof hasAmeliaEntitiesApiCall !== 'undefined' && hasAmeliaEntitiesApiCall) {\n    hasAmeliaEntitiesApiCall = false;\n  }\n<\/script>\n\n<div\n  id=\"amelia-v2-booking-1000\"\n  class=\"amelia-v2-booking\"\n >\n    <step-form-wrapper><\/step-form-wrapper><\/div>\n\n\t\t\t\t<\/div>\n\t\t\t<\/div> Find a lawyer at the Lyon Bar. Our firm offers recognised expertise in a wide range of legal areas, including commercial law, family and property law, criminal law, real estate law, banking law and tax law. Your case will be handled by [...]<\/p>","protected":false},"author":1,"featured_media":0,"parent":0,"menu_order":0,"comment_status":"closed","ping_status":"closed","template":"","meta":{"_et_pb_use_builder":"on","_et_pb_old_content":"","_et_gb_content_width":"","footnotes":""},"class_list":["post-224483","page","type-page","status-publish","hentry"],"acf":[],"yoast_head":"<!-- This site is optimized with the Yoast SEO Premium plugin v22.1 (Yoast SEO v24.9) - https:\/\/yoast.com\/wordpress\/plugins\/seo\/ -->\n<title>Contactez nos Avocats \u00e0 Lyon - Cabinet d&#039;Avocats - 1er RDV rembours\u00e9*<\/title>\n<meta name=\"description\" content=\"Contacter un Avocat \u00e0 Lyon : sp\u00e9cialis\u00e9 en droit p\u00e9nal, commercial, immobilier et fiscal. Contactez-nous ! 1er RDV rembours\u00e9*\" \/>\n<meta name=\"robots\" content=\"index, follow, max-snippet:-1, max-image-preview:large, max-video-preview:-1\" \/>\n<link rel=\"canonical\" href=\"https:\/\/www.muse-avocats.com\/en\/make-an-appointment\/\" \/>\n<meta property=\"og:locale\" content=\"en_GB\" \/>\n<meta property=\"og:type\" content=\"article\" \/>\n<meta property=\"og:title\" content=\"Prendre RDV\" \/>\n<meta property=\"og:description\" content=\"Contacter un Avocat \u00e0 Lyon : sp\u00e9cialis\u00e9 en droit p\u00e9nal, commercial, immobilier et fiscal. Contactez-nous ! 1er RDV rembours\u00e9*\" \/>\n<meta property=\"og:url\" content=\"https:\/\/www.muse-avocats.com\/en\/make-an-appointment\/\" \/>\n<meta property=\"og:site_name\" content=\"MUSE AVOCATS - Collectif d&#039;Avocats \u00e0 Lyon\" \/>\n<meta property=\"article:publisher\" content=\"https:\/\/www.facebook.com\/MUSEAVOCATS\/?locale=fr_FR\" \/>\n<meta property=\"article:modified_time\" content=\"2025-06-19T20:42:45+00:00\" \/>\n<script type=\"application\/ld+json\" class=\"yoast-schema-graph\">{\"@context\":\"https:\/\/schema.org\",\"@graph\":[{\"@type\":\"WebPage\",\"@id\":\"https:\/\/www.muse-avocats.com\/prendre-rendez-vous\/\",\"url\":\"https:\/\/www.muse-avocats.com\/prendre-rendez-vous\/\",\"name\":\"Contactez nos Avocats \u00e0 Lyon - Cabinet d'Avocats - 1er RDV rembours\u00e9*\",\"isPartOf\":{\"@id\":\"https:\/\/www.muse-avocats.com\/#website\"},\"datePublished\":\"2022-07-26T11:52:11+00:00\",\"dateModified\":\"2025-06-19T20:42:45+00:00\",\"description\":\"Contacter un Avocat \u00e0 Lyon : sp\u00e9cialis\u00e9 en droit p\u00e9nal, commercial, immobilier et fiscal. Contactez-nous ! 1er RDV rembours\u00e9*\",\"breadcrumb\":{\"@id\":\"https:\/\/www.muse-avocats.com\/prendre-rendez-vous\/#breadcrumb\"},\"inLanguage\":\"en-GB\",\"potentialAction\":[{\"@type\":\"ReadAction\",\"target\":[\"https:\/\/www.muse-avocats.com\/prendre-rendez-vous\/\"]}]},{\"@type\":\"BreadcrumbList\",\"@id\":\"https:\/\/www.muse-avocats.com\/prendre-rendez-vous\/#breadcrumb\",\"itemListElement\":[{\"@type\":\"ListItem\",\"position\":1,\"name\":\"Accueil\",\"item\":\"https:\/\/www.muse-avocats.com\/\"},{\"@type\":\"ListItem\",\"position\":2,\"name\":\"Prendre RDV\"}]},{\"@type\":\"WebSite\",\"@id\":\"https:\/\/www.muse-avocats.com\/#website\",\"url\":\"https:\/\/www.muse-avocats.com\/\",\"name\":\"MUSE AVOCAT - Collectif d'Avocats Lyonnais\",\"description\":\"#MUSE Avocats\",\"publisher\":{\"@id\":\"https:\/\/www.muse-avocats.com\/#organization\"},\"alternateName\":\"MUSE AVOCAT\",\"potentialAction\":[{\"@type\":\"SearchAction\",\"target\":{\"@type\":\"EntryPoint\",\"urlTemplate\":\"https:\/\/www.muse-avocats.com\/?s={search_term_string}\"},\"query-input\":{\"@type\":\"PropertyValueSpecification\",\"valueRequired\":true,\"valueName\":\"search_term_string\"}}],\"inLanguage\":\"en-GB\"},{\"@type\":\"Organization\",\"@id\":\"https:\/\/www.muse-avocats.com\/#organization\",\"name\":\"MUSE AVOCATS\",\"url\":\"https:\/\/www.muse-avocats.com\/\",\"logo\":{\"@type\":\"ImageObject\",\"inLanguage\":\"en-GB\",\"@id\":\"https:\/\/www.muse-avocats.com\/#\/schema\/logo\/image\/\",\"url\":\"https:\/\/www.muse-avocats.com\/wp-content\/uploads\/2019\/12\/cropped-C614C331-9923-49B0-A314-3D9384BCFB6F_1_201_a-e1608471375782.jpeg\",\"contentUrl\":\"https:\/\/www.muse-avocats.com\/wp-content\/uploads\/2019\/12\/cropped-C614C331-9923-49B0-A314-3D9384BCFB6F_1_201_a-e1608471375782.jpeg\",\"width\":512,\"height\":512,\"caption\":\"MUSE AVOCATS\"},\"image\":{\"@id\":\"https:\/\/www.muse-avocats.com\/#\/schema\/logo\/image\/\"},\"sameAs\":[\"https:\/\/www.facebook.com\/MUSEAVOCATS\/?locale=fr_FR\",\"https:\/\/fr.linkedin.com\/company\/muse-avocats\",\"https:\/\/www.alexia.fr\/avocat-723573\/amaury-plumerault.htm\"]}]}<\/script>\n<!-- \/ Yoast SEO Premium plugin. -->","yoast_head_json":{"title":"Contactez nos Avocats \u00e0 Lyon - Cabinet d'Avocats - 1er RDV rembours\u00e9*","description":"Contacter un Avocat \u00e0 Lyon : sp\u00e9cialis\u00e9 en droit p\u00e9nal, commercial, immobilier et fiscal. Contactez-nous ! 1er RDV rembours\u00e9*","robots":{"index":"index","follow":"follow","max-snippet":"max-snippet:-1","max-image-preview":"max-image-preview:large","max-video-preview":"max-video-preview:-1"},"canonical":"https:\/\/www.muse-avocats.com\/en\/make-an-appointment\/","og_locale":"en_GB","og_type":"article","og_title":"Prendre RDV","og_description":"Contacter un Avocat \u00e0 Lyon : sp\u00e9cialis\u00e9 en droit p\u00e9nal, commercial, immobilier et fiscal. Contactez-nous ! 1er RDV rembours\u00e9*","og_url":"https:\/\/www.muse-avocats.com\/en\/make-an-appointment\/","og_site_name":"MUSE AVOCATS - Collectif d&#039;Avocats \u00e0 Lyon","article_publisher":"https:\/\/www.facebook.com\/MUSEAVOCATS\/?locale=fr_FR","article_modified_time":"2025-06-19T20:42:45+00:00","schema":{"@context":"https:\/\/schema.org","@graph":[{"@type":"WebPage","@id":"https:\/\/www.muse-avocats.com\/prendre-rendez-vous\/","url":"https:\/\/www.muse-avocats.com\/prendre-rendez-vous\/","name":"Contactez nos Avocats \u00e0 Lyon - Cabinet d'Avocats - 1er RDV rembours\u00e9*","isPartOf":{"@id":"https:\/\/www.muse-avocats.com\/#website"},"datePublished":"2022-07-26T11:52:11+00:00","dateModified":"2025-06-19T20:42:45+00:00","description":"Contacter un Avocat \u00e0 Lyon : sp\u00e9cialis\u00e9 en droit p\u00e9nal, commercial, immobilier et fiscal. Contactez-nous ! 1er RDV rembours\u00e9*","breadcrumb":{"@id":"https:\/\/www.muse-avocats.com\/prendre-rendez-vous\/#breadcrumb"},"inLanguage":"en-GB","potentialAction":[{"@type":"ReadAction","target":["https:\/\/www.muse-avocats.com\/prendre-rendez-vous\/"]}]},{"@type":"BreadcrumbList","@id":"https:\/\/www.muse-avocats.com\/prendre-rendez-vous\/#breadcrumb","itemListElement":[{"@type":"ListItem","position":1,"name":"Accueil","item":"https:\/\/www.muse-avocats.com\/"},{"@type":"ListItem","position":2,"name":"Prendre RDV"}]},{"@type":"WebSite","@id":"https:\/\/www.muse-avocats.com\/#website","url":"https:\/\/www.muse-avocats.com\/","name":"MUSE AVOCAT - Collectif d'Avocats Lyonnais","description":"#MUSE Avocats","publisher":{"@id":"https:\/\/www.muse-avocats.com\/#organization"},"alternateName":"MUSE AVOCAT","potentialAction":[{"@type":"SearchAction","target":{"@type":"EntryPoint","urlTemplate":"https:\/\/www.muse-avocats.com\/?s={search_term_string}"},"query-input":{"@type":"PropertyValueSpecification","valueRequired":true,"valueName":"search_term_string"}}],"inLanguage":"en-GB"},{"@type":"Organization","@id":"https:\/\/www.muse-avocats.com\/#organization","name":"MUSE AVOCATS","url":"https:\/\/www.muse-avocats.com\/","logo":{"@type":"ImageObject","inLanguage":"en-GB","@id":"https:\/\/www.muse-avocats.com\/#\/schema\/logo\/image\/","url":"https:\/\/www.muse-avocats.com\/wp-content\/uploads\/2019\/12\/cropped-C614C331-9923-49B0-A314-3D9384BCFB6F_1_201_a-e1608471375782.jpeg","contentUrl":"https:\/\/www.muse-avocats.com\/wp-content\/uploads\/2019\/12\/cropped-C614C331-9923-49B0-A314-3D9384BCFB6F_1_201_a-e1608471375782.jpeg","width":512,"height":512,"caption":"MUSE AVOCATS"},"image":{"@id":"https:\/\/www.muse-avocats.com\/#\/schema\/logo\/image\/"},"sameAs":["https:\/\/www.facebook.com\/MUSEAVOCATS\/?locale=fr_FR","https:\/\/fr.linkedin.com\/company\/muse-avocats","https:\/\/www.alexia.fr\/avocat-723573\/amaury-plumerault.htm"]}]}},"_links":{"self":[{"href":"https:\/\/www.muse-avocats.com\/en\/wp-json\/wp\/v2\/pages\/224483","targetHints":{"allow":["GET"]}}],"collection":[{"href":"https:\/\/www.muse-avocats.com\/en\/wp-json\/wp\/v2\/pages"}],"about":[{"href":"https:\/\/www.muse-avocats.com\/en\/wp-json\/wp\/v2\/types\/page"}],"author":[{"embeddable":true,"href":"https:\/\/www.muse-avocats.com\/en\/wp-json\/wp\/v2\/users\/1"}],"replies":[{"embeddable":true,"href":"https:\/\/www.muse-avocats.com\/en\/wp-json\/wp\/v2\/comments?post=224483"}],"version-history":[{"count":17,"href":"https:\/\/www.muse-avocats.com\/en\/wp-json\/wp\/v2\/pages\/224483\/revisions"}],"predecessor-version":[{"id":226654,"href":"https:\/\/www.muse-avocats.com\/en\/wp-json\/wp\/v2\/pages\/224483\/revisions\/226654"}],"wp:attachment":[{"href":"https:\/\/www.muse-avocats.com\/en\/wp-json\/wp\/v2\/media?parent=224483"}],"curies":[{"name":"wp","href":"https:\/\/api.w.org\/{rel}","templated":true}]}}